{"id":710,"date":"2018-02-09T13:56:19","date_gmt":"2018-02-09T12:56:19","guid":{"rendered":"http:\/\/oneill-sklep.home.pl\/home\/cheerscowr\/www\/?page_id=710"},"modified":"2023-04-12T18:04:31","modified_gmt":"2023-04-12T16:04:31","slug":"about-the-company","status":"publish","type":"page","link":"https:\/\/cheers.com.pl\/en\/about-the-company\/","title":{"rendered":"About the company"},"content":{"rendered":"<p>Cheers was created by a group of healthy lifestyle and nutrition enthusiasts. While looking for supplements for ourselves, we were surprised to find that most of the products available contain various additives, fillers, colouring agents, and the quality of the ingredients used left much to be desired. We decided to create a line of products for a conscious and knowledgeable customer that is characterised by undeniably the highest, most uncompromised quality.<\/p>\n<p>This is how Cheers 100% &#8220;clean label&#8221; product line was developed. Cheers supplements don&#8217;t contain any artificial additives, colouring agents or additional substances.<\/p>\n<p>They are produced according to the best Good Manufacturing Practice (GMP) and HAACP standards. We aim at delivering the highest quality product to our customers, so each of our products undergoes detailed microbiological tests and strict quality control takes place at every stage of production.<\/p>\n<p>When you decide to buy our supplements, you may be sure that you provide your body with what&#8217;s best for it, as the compositions of our products are a combination of the power of nature with the latest achievements of science.<\/p>","protected":false},"excerpt":{"rendered":"<p>Cheers was created by a group of healthy lifestyle and nutrition enthusiasts. While looking for supplements for ourselves, we were surprised to find that most of the products available contain&#8230;<\/p>","protected":false},"author":1,"featured_media":0,"parent":0,"menu_order":0,"comment_status":"open","ping_status":"open","template":"","meta":{"_acf_changed":false,"footnotes":""},"class_list":["post-710","page","type-page","status-publish","hentry"],"acf":[],"yoast_head":"<!-- This site is optimized with the Yoast SEO plugin v26.7 - https:\/\/yoast.com\/wordpress\/plugins\/seo\/ -->\n<title>About the company Suplementy CHEERS - Ewmar-Ness sp. z o.o. Sosnowiec<\/title>\n<meta name=\"description\" content=\"Suplementy diety CHEERS to marka nale\u017c\u0105ca do firmy Ewmar-Ness sp. z o.o., Zaruskiego 3, 41-219 Sosnowiec. Dowiedz si\u0119 wi\u0119cej o naszej firmie i produktach.\" \/>\n<meta name=\"robots\" content=\"index, follow, max-snippet:-1, max-image-preview:large, max-video-preview:-1\" \/>\n<link rel=\"canonical\" href=\"https:\/\/cheers.com.pl\/en\/about-the-company\/\" \/>\n<meta property=\"og:locale\" content=\"en_US\" \/>\n<meta property=\"og:type\" content=\"article\" \/>\n<meta property=\"og:title\" content=\"About the company Suplementy CHEERS - Ewmar-Ness sp. z o.o. Sosnowiec\" \/>\n<meta property=\"og:description\" content=\"Suplementy diety CHEERS to marka nale\u017c\u0105ca do firmy Ewmar-Ness sp. z o.o., Zaruskiego 3, 41-219 Sosnowiec. Dowiedz si\u0119 wi\u0119cej o naszej firmie i produktach.\" \/>\n<meta property=\"og:url\" content=\"https:\/\/cheers.com.pl\/en\/about-the-company\/\" \/>\n<meta property=\"og:site_name\" content=\"CHEERS\" \/>\n<meta property=\"article:publisher\" content=\"https:\/\/www.facebook.com\/CheersFromPoland\/\" \/>\n<meta property=\"article:modified_time\" content=\"2023-04-12T16:04:31+00:00\" \/>\n<meta name=\"twitter:card\" content=\"summary_large_image\" \/>\n<meta name=\"twitter:label1\" content=\"Est. reading time\" \/>\n\t<meta name=\"twitter:data1\" content=\"1 minute\" \/>\n<script type=\"application\/ld+json\" class=\"yoast-schema-graph\">{\"@context\":\"https:\/\/schema.org\",\"@graph\":[{\"@type\":\"WebPage\",\"@id\":\"https:\/\/cheers.com.pl\/en\/about-the-company\/\",\"url\":\"https:\/\/cheers.com.pl\/en\/about-the-company\/\",\"name\":\"About the company Suplementy CHEERS - Ewmar-Ness sp. z o.o. Sosnowiec\",\"isPartOf\":{\"@id\":\"https:\/\/cheers.com.pl\/#website\"},\"datePublished\":\"2018-02-09T12:56:19+00:00\",\"dateModified\":\"2023-04-12T16:04:31+00:00\",\"description\":\"Suplementy diety CHEERS to marka nale\u017c\u0105ca do firmy Ewmar-Ness sp. z o.o., Zaruskiego 3, 41-219 Sosnowiec. Dowiedz si\u0119 wi\u0119cej o naszej firmie i produktach.\",\"breadcrumb\":{\"@id\":\"https:\/\/cheers.com.pl\/en\/about-the-company\/#breadcrumb\"},\"inLanguage\":\"en-US\",\"potentialAction\":[{\"@type\":\"ReadAction\",\"target\":[\"https:\/\/cheers.com.pl\/en\/about-the-company\/\"]}]},{\"@type\":\"BreadcrumbList\",\"@id\":\"https:\/\/cheers.com.pl\/en\/about-the-company\/#breadcrumb\",\"itemListElement\":[{\"@type\":\"ListItem\",\"position\":1,\"name\":\"Strona g\u0142\u00f3wna\",\"item\":\"https:\/\/cheers.com.pl\/en\/\"},{\"@type\":\"ListItem\",\"position\":2,\"name\":\"About the company\"}]},{\"@type\":\"WebSite\",\"@id\":\"https:\/\/cheers.com.pl\/#website\",\"url\":\"https:\/\/cheers.com.pl\/\",\"name\":\"CHEERS\",\"description\":\"\",\"potentialAction\":[{\"@type\":\"SearchAction\",\"target\":{\"@type\":\"EntryPoint\",\"urlTemplate\":\"https:\/\/cheers.com.pl\/?s={search_term_string}\"},\"query-input\":{\"@type\":\"PropertyValueSpecification\",\"valueRequired\":true,\"valueName\":\"search_term_string\"}}],\"inLanguage\":\"en-US\"}]}<\/script>\n<!-- \/ Yoast SEO plugin. -->","yoast_head_json":{"title":"About the company Suplementy CHEERS - Ewmar-Ness sp. z o.o. Sosnowiec","description":"Suplementy diety CHEERS to marka nale\u017c\u0105ca do firmy Ewmar-Ness sp. z o.o., Zaruskiego 3, 41-219 Sosnowiec. Dowiedz si\u0119 wi\u0119cej o naszej firmie i produktach.","robots":{"index":"index","follow":"follow","max-snippet":"max-snippet:-1","max-image-preview":"max-image-preview:large","max-video-preview":"max-video-preview:-1"},"canonical":"https:\/\/cheers.com.pl\/en\/about-the-company\/","og_locale":"en_US","og_type":"article","og_title":"About the company Suplementy CHEERS - Ewmar-Ness sp. z o.o. Sosnowiec","og_description":"Suplementy diety CHEERS to marka nale\u017c\u0105ca do firmy Ewmar-Ness sp. z o.o., Zaruskiego 3, 41-219 Sosnowiec. Dowiedz si\u0119 wi\u0119cej o naszej firmie i produktach.","og_url":"https:\/\/cheers.com.pl\/en\/about-the-company\/","og_site_name":"CHEERS","article_publisher":"https:\/\/www.facebook.com\/CheersFromPoland\/","article_modified_time":"2023-04-12T16:04:31+00:00","twitter_card":"summary_large_image","twitter_misc":{"Est. reading time":"1 minute"},"schema":{"@context":"https:\/\/schema.org","@graph":[{"@type":"WebPage","@id":"https:\/\/cheers.com.pl\/en\/about-the-company\/","url":"https:\/\/cheers.com.pl\/en\/about-the-company\/","name":"About the company Suplementy CHEERS - Ewmar-Ness sp. z o.o. Sosnowiec","isPartOf":{"@id":"https:\/\/cheers.com.pl\/#website"},"datePublished":"2018-02-09T12:56:19+00:00","dateModified":"2023-04-12T16:04:31+00:00","description":"Suplementy diety CHEERS to marka nale\u017c\u0105ca do firmy Ewmar-Ness sp. z o.o., Zaruskiego 3, 41-219 Sosnowiec. Dowiedz si\u0119 wi\u0119cej o naszej firmie i produktach.","breadcrumb":{"@id":"https:\/\/cheers.com.pl\/en\/about-the-company\/#breadcrumb"},"inLanguage":"en-US","potentialAction":[{"@type":"ReadAction","target":["https:\/\/cheers.com.pl\/en\/about-the-company\/"]}]},{"@type":"BreadcrumbList","@id":"https:\/\/cheers.com.pl\/en\/about-the-company\/#breadcrumb","itemListElement":[{"@type":"ListItem","position":1,"name":"Strona g\u0142\u00f3wna","item":"https:\/\/cheers.com.pl\/en\/"},{"@type":"ListItem","position":2,"name":"About the company"}]},{"@type":"WebSite","@id":"https:\/\/cheers.com.pl\/#website","url":"https:\/\/cheers.com.pl\/","name":"CHEERS","description":"","potentialAction":[{"@type":"SearchAction","target":{"@type":"EntryPoint","urlTemplate":"https:\/\/cheers.com.pl\/?s={search_term_string}"},"query-input":{"@type":"PropertyValueSpecification","valueRequired":true,"valueName":"search_term_string"}}],"inLanguage":"en-US"}]}},"_links":{"self":[{"href":"https:\/\/cheers.com.pl\/en\/wp-json\/wp\/v2\/pages\/710","targetHints":{"allow":["GET"]}}],"collection":[{"href":"https:\/\/cheers.com.pl\/en\/wp-json\/wp\/v2\/pages"}],"about":[{"href":"https:\/\/cheers.com.pl\/en\/wp-json\/wp\/v2\/types\/page"}],"author":[{"embeddable":true,"href":"https:\/\/cheers.com.pl\/en\/wp-json\/wp\/v2\/users\/1"}],"replies":[{"embeddable":true,"href":"https:\/\/cheers.com.pl\/en\/wp-json\/wp\/v2\/comments?post=710"}],"version-history":[{"count":0,"href":"https:\/\/cheers.com.pl\/en\/wp-json\/wp\/v2\/pages\/710\/revisions"}],"wp:attachment":[{"href":"https:\/\/cheers.com.pl\/en\/wp-json\/wp\/v2\/media?parent=710"}],"curies":[{"name":"wp","href":"https:\/\/api.w.org\/{rel}","templated":true}]}}